{"id":302,"date":"2025-05-05T21:42:50","date_gmt":"2025-05-05T19:42:50","guid":{"rendered":"https:\/\/www.ainavillas.com\/?page_id=302"},"modified":"2025-05-26T21:28:48","modified_gmt":"2025-05-26T19:28:48","slug":"impressum","status":"publish","type":"page","link":"https:\/\/www.ainavillas.com\/en\/impressum\/","title":{"rendered":"Legal notice"},"content":{"rendered":"<div data-elementor-type=\"wp-page\" data-elementor-id=\"302\" class=\"elementor elementor-302\" data-elementor-post-type=\"page\">\n\t\t\t\t<div class=\"elementor-element elementor-element-67d3c99 e-flex e-con-boxed e-con e-parent\" data-id=\"67d3c99\" data-element_type=\"container\" data-e-type=\"container\">\n\t\t\t\t\t<div class=\"e-con-inner\">\n\t\t<div class=\"elementor-element elementor-element-b316072 e-con-full e-flex e-con e-child\" data-id=\"b316072\" data-element_type=\"container\" data-e-type=\"container\">\n\t\t\t\t<div class=\"elementor-element elementor-element-6e0cb17 textLineReveal animated-fast elementor-invisible elementor-widget elementor-widget-heading\" data-id=\"6e0cb17\" data-element_type=\"widget\" data-e-type=\"widget\" data-settings=\"{&quot;_animation&quot;:&quot;fadeIn&quot;}\" data-widget_type=\"heading.default\">\n\t\t\t\t\t<h1 class=\"elementor-heading-title elementor-size-default\">IMPRESSUM<\/h1>\t\t\t\t<\/div>\n\t\t\t\t<div class=\"elementor-element elementor-element-ab5cece elementor-widget elementor-widget-html\" data-id=\"ab5cece\" data-element_type=\"widget\" data-e-type=\"widget\" data-widget_type=\"html.default\">\n\t\t\t\t\t<script src=\"https:\/\/unpkg.com\/split-type\"><\/script>\n\n<style>\n.textLineReveal .elementor-heading-title .line {\noverflow: hidden;\n}\n.textLineReveal.fadeIn .elementor-heading-title .word {\ntransform:translateY(100%);\n}\n\n.textLineReveal.fadeIn .elementor-heading-title .word {\nanimation: goUp 0.8s cubic-bezier(0, 0, 0.24, 1.02) both;\ntransform-origin: 0 0;\n}\n@keyframes goUp {\n0% {\ntransform:translateY(100%);\nopacity:0;\n}\n20% {\nopacity:0;\n}\n30% {\nopacity:1;\n}\n100% {\ntransform:translateY(0);\nopacity:1;\n}\n}\n\n@keyframes goUpTwist {\n0% {\ntransform:translateY(100%) rotate(10deg);\nopacity:0;\n}\n20% {\nopacity:0;\n}\n30% {\nopacity:1;\n}\n100% {\ntransform:translateY(0) rotate(0deg);\nopacity:1;\n}\n}\n<\/style>\n<script>\n\/* Code from https:\/\/element.how\/elementor-custom-text-reveal-entrance-animation\/\n* Copyright 2022 Element.How\n* Licensed for personal and client use for customers who purchased access\n* No redistribution or resale allowed\n* V1.1 12\/12\/2022\n*\/\n\nlet speedOfLineAnimation = 0.2; \/* enter a value between 0 and 1 *\/\n\ndocument.addEventListener('DOMContentLoaded', function() {\nlet revealContainers = document.querySelectorAll('.textLineReveal .elementor-heading-title');\nrevealContainers.forEach(e => {\nlet text = new SplitType(e, {\ntypes: \"lines, words\",\n});\n\nfunction setupAnims() {\nlet lines = e.querySelectorAll('.line');\nlines.forEach((line, i) => {\nlet words = line.querySelectorAll('.word');\nwords.forEach(word => {\nword.style.animationDelay = i * speedOfLineAnimation + \"s\";\n});\n});\n}\nsetupAnims();\n\nlet windowsWidth = window.innerWidth;\nwindow.addEventListener(\"resize\", function() {\nif (windowsWidth !== window.innerWidth){\ntext = new SplitType(e, {\ntypes: \"lines, words\",\n});\nsetupAnims();\nwindowsWidth = window.innerWidth;\n}\n});\n\n});\n});\n<\/script>\n\t\t\t\t<\/div>\n\t\t<div class=\"elementor-element elementor-element-f59453b e-con-full e-flex e-con e-child\" data-id=\"f59453b\" data-element_type=\"container\" data-e-type=\"container\">\n\t\t<div class=\"elementor-element elementor-element-bb8acad e-con-full e-flex e-con e-child\" data-id=\"bb8acad\" data-element_type=\"container\" data-e-type=\"container\">\n\t\t\t\t<div class=\"elementor-element elementor-element-2cf4c5d animated-fast elementor-invisible elementor-widget elementor-widget-text-editor\" data-id=\"2cf4c5d\" data-element_type=\"widget\" data-e-type=\"widget\" data-settings=\"{&quot;_animation&quot;:&quot;fadeInUp&quot;,&quot;_animation_delay&quot;:300}\" data-widget_type=\"text-editor.default\">\n\t\t\t\t\t\t\t\t\t<p><strong>Responsible for the content of the website:<\/strong> <br \/>Sovantra Studio Lombok<\/p>\t\t\t\t\t\t\t\t<\/div>\n\t\t\t\t<\/div>\n\t\t<div class=\"elementor-element elementor-element-797fae6 e-con-full e-flex e-con e-child\" data-id=\"797fae6\" data-element_type=\"container\" data-e-type=\"container\">\n\t\t\t\t<div class=\"elementor-element elementor-element-7064652 animated-fast elementor-invisible elementor-widget elementor-widget-text-editor\" data-id=\"7064652\" data-element_type=\"widget\" data-e-type=\"widget\" data-settings=\"{&quot;_animation&quot;:&quot;fadeInUp&quot;,&quot;_animation_delay&quot;:300}\" data-widget_type=\"text-editor.default\">\n\t\t\t\t\t\t\t\t\t<p><strong>Contact:<\/strong> <br \/>\u0101\u0131na Villas<br \/>+41 79 795 60 35<br \/>hello@ainavillas.com<br \/><br \/><\/p>\t\t\t\t\t\t\t\t<\/div>\n\t\t\t\t<\/div>\n\t\t\t\t<\/div>\n\t\t\t\t<div class=\"elementor-element elementor-element-233104e elementor-widget elementor-widget-spacer\" data-id=\"233104e\" data-element_type=\"widget\" data-e-type=\"widget\" data-widget_type=\"spacer.default\">\n\t\t\t\t\t\t\t<div class=\"elementor-spacer\">\n\t\t\t<div class=\"elementor-spacer-inner\"><\/div>\n\t\t<\/div>\n\t\t\t\t\t\t<\/div>\n\t\t\t\t<\/div>\n\t\t\t\t\t<\/div>\n\t\t\t\t<\/div>\n\t\t\t\t<\/div>","protected":false},"excerpt":{"rendered":"<p>IMPRESSUM Verantwortlich f\u00fcr den Inhalt der Website: Sovantra Studio Lombok Kontakt: \u0101\u0131na Villas+41 79 795 60 35hello@ainavillas.com<\/p>","protected":false},"author":1,"featured_media":0,"parent":0,"menu_order":0,"comment_status":"closed","ping_status":"closed","template":"","meta":{"footnotes":""},"class_list":["post-302","page","type-page","status-publish","hentry"],"yoast_head":"<!-- This site is optimized with the Yoast SEO plugin v27.0 - https:\/\/yoast.com\/product\/yoast-seo-wordpress\/ -->\n<title>Impressum - Aina<\/title>\n<meta name=\"robots\" content=\"index, follow, max-snippet:-1, max-image-preview:large, max-video-preview:-1\" \/>\n<link rel=\"canonical\" href=\"https:\/\/www.ainavillas.com\/en\/impressum\/\" \/>\n<meta property=\"og:locale\" content=\"en_US\" \/>\n<meta property=\"og:type\" content=\"article\" \/>\n<meta property=\"og:title\" content=\"Impressum - Aina\" \/>\n<meta property=\"og:description\" content=\"IMPRESSUM Verantwortlich f\u00fcr den Inhalt der Website: Sovantra Studio Lombok Kontakt: \u0101\u0131na Villas+41 79 795 60 35hello@ainavillas.com\" \/>\n<meta property=\"og:url\" content=\"https:\/\/www.ainavillas.com\/en\/impressum\/\" \/>\n<meta property=\"og:site_name\" content=\"Aina\" \/>\n<meta property=\"article:modified_time\" content=\"2025-05-26T19:28:48+00:00\" \/>\n<meta name=\"twitter:card\" content=\"summary_large_image\" \/>\n<script type=\"application\/ld+json\" class=\"yoast-schema-graph\">{\"@context\":\"https:\/\/schema.org\",\"@graph\":[{\"@type\":\"WebPage\",\"@id\":\"https:\/\/www.ainavillas.com\/impressum\/\",\"url\":\"https:\/\/www.ainavillas.com\/impressum\/\",\"name\":\"Impressum - Aina\",\"isPartOf\":{\"@id\":\"https:\/\/www.ainavillas.com\/#website\"},\"datePublished\":\"2025-05-05T19:42:50+00:00\",\"dateModified\":\"2025-05-26T19:28:48+00:00\",\"breadcrumb\":{\"@id\":\"https:\/\/www.ainavillas.com\/impressum\/#breadcrumb\"},\"inLanguage\":\"en-US\",\"potentialAction\":[{\"@type\":\"ReadAction\",\"target\":[\"https:\/\/www.ainavillas.com\/impressum\/\"]}]},{\"@type\":\"BreadcrumbList\",\"@id\":\"https:\/\/www.ainavillas.com\/impressum\/#breadcrumb\",\"itemListElement\":[{\"@type\":\"ListItem\",\"position\":1,\"name\":\"Startseite\",\"item\":\"https:\/\/www.ainavillas.com\/\"},{\"@type\":\"ListItem\",\"position\":2,\"name\":\"Impressum\"}]},{\"@type\":\"WebSite\",\"@id\":\"https:\/\/www.ainavillas.com\/#website\",\"url\":\"https:\/\/www.ainavillas.com\/\",\"name\":\"\u0101\u0131na\",\"description\":\"Lombok Villas\",\"publisher\":{\"@id\":\"https:\/\/www.ainavillas.com\/#organization\"},\"potentialAction\":[{\"@type\":\"SearchAction\",\"target\":{\"@type\":\"EntryPoint\",\"urlTemplate\":\"https:\/\/www.ainavillas.com\/?s={search_term_string}\"},\"query-input\":{\"@type\":\"PropertyValueSpecification\",\"valueRequired\":true,\"valueName\":\"search_term_string\"}}],\"inLanguage\":\"en-US\"},{\"@type\":\"Organization\",\"@id\":\"https:\/\/www.ainavillas.com\/#organization\",\"name\":\"\u0101\u0131na\",\"url\":\"https:\/\/www.ainavillas.com\/\",\"logo\":{\"@type\":\"ImageObject\",\"inLanguage\":\"en-US\",\"@id\":\"https:\/\/www.ainavillas.com\/#\/schema\/logo\/image\/\",\"url\":\"https:\/\/www.ainavillas.com\/wp-content\/uploads\/aina-Logo.png\",\"contentUrl\":\"https:\/\/www.ainavillas.com\/wp-content\/uploads\/aina-Logo.png\",\"width\":1000,\"height\":331,\"caption\":\"\u0101\u0131na\"},\"image\":{\"@id\":\"https:\/\/www.ainavillas.com\/#\/schema\/logo\/image\/\"},\"sameAs\":[\"https:\/\/www.instagram.com\/ainavillas.lombok\/\"]}]}<\/script>\n<!-- \/ Yoast SEO plugin. -->","yoast_head_json":{"title":"Impressum - Aina","robots":{"index":"index","follow":"follow","max-snippet":"max-snippet:-1","max-image-preview":"max-image-preview:large","max-video-preview":"max-video-preview:-1"},"canonical":"https:\/\/www.ainavillas.com\/en\/impressum\/","og_locale":"en_US","og_type":"article","og_title":"Impressum - Aina","og_description":"IMPRESSUM Verantwortlich f\u00fcr den Inhalt der Website: Sovantra Studio Lombok Kontakt: \u0101\u0131na Villas+41 79 795 60 35hello@ainavillas.com","og_url":"https:\/\/www.ainavillas.com\/en\/impressum\/","og_site_name":"Aina","article_modified_time":"2025-05-26T19:28:48+00:00","twitter_card":"summary_large_image","schema":{"@context":"https:\/\/schema.org","@graph":[{"@type":"WebPage","@id":"https:\/\/www.ainavillas.com\/impressum\/","url":"https:\/\/www.ainavillas.com\/impressum\/","name":"Impressum - Aina","isPartOf":{"@id":"https:\/\/www.ainavillas.com\/#website"},"datePublished":"2025-05-05T19:42:50+00:00","dateModified":"2025-05-26T19:28:48+00:00","breadcrumb":{"@id":"https:\/\/www.ainavillas.com\/impressum\/#breadcrumb"},"inLanguage":"en-US","potentialAction":[{"@type":"ReadAction","target":["https:\/\/www.ainavillas.com\/impressum\/"]}]},{"@type":"BreadcrumbList","@id":"https:\/\/www.ainavillas.com\/impressum\/#breadcrumb","itemListElement":[{"@type":"ListItem","position":1,"name":"Startseite","item":"https:\/\/www.ainavillas.com\/"},{"@type":"ListItem","position":2,"name":"Impressum"}]},{"@type":"WebSite","@id":"https:\/\/www.ainavillas.com\/#website","url":"https:\/\/www.ainavillas.com\/","name":"\u0101\u0131na","description":"Lombok Villas","publisher":{"@id":"https:\/\/www.ainavillas.com\/#organization"},"potentialAction":[{"@type":"SearchAction","target":{"@type":"EntryPoint","urlTemplate":"https:\/\/www.ainavillas.com\/?s={search_term_string}"},"query-input":{"@type":"PropertyValueSpecification","valueRequired":true,"valueName":"search_term_string"}}],"inLanguage":"en-US"},{"@type":"Organization","@id":"https:\/\/www.ainavillas.com\/#organization","name":"\u0101\u0131na","url":"https:\/\/www.ainavillas.com\/","logo":{"@type":"ImageObject","inLanguage":"en-US","@id":"https:\/\/www.ainavillas.com\/#\/schema\/logo\/image\/","url":"https:\/\/www.ainavillas.com\/wp-content\/uploads\/aina-Logo.png","contentUrl":"https:\/\/www.ainavillas.com\/wp-content\/uploads\/aina-Logo.png","width":1000,"height":331,"caption":"\u0101\u0131na"},"image":{"@id":"https:\/\/www.ainavillas.com\/#\/schema\/logo\/image\/"},"sameAs":["https:\/\/www.instagram.com\/ainavillas.lombok\/"]}]}},"_links":{"self":[{"href":"https:\/\/www.ainavillas.com\/en\/wp-json\/wp\/v2\/pages\/302","targetHints":{"allow":["GET"]}}],"collection":[{"href":"https:\/\/www.ainavillas.com\/en\/wp-json\/wp\/v2\/pages"}],"about":[{"href":"https:\/\/www.ainavillas.com\/en\/wp-json\/wp\/v2\/types\/page"}],"author":[{"embeddable":true,"href":"https:\/\/www.ainavillas.com\/en\/wp-json\/wp\/v2\/users\/1"}],"replies":[{"embeddable":true,"href":"https:\/\/www.ainavillas.com\/en\/wp-json\/wp\/v2\/comments?post=302"}],"version-history":[{"count":31,"href":"https:\/\/www.ainavillas.com\/en\/wp-json\/wp\/v2\/pages\/302\/revisions"}],"predecessor-version":[{"id":760,"href":"https:\/\/www.ainavillas.com\/en\/wp-json\/wp\/v2\/pages\/302\/revisions\/760"}],"wp:attachment":[{"href":"https:\/\/www.ainavillas.com\/en\/wp-json\/wp\/v2\/media?parent=302"}],"curies":[{"name":"wp","href":"https:\/\/api.w.org\/{rel}","templated":true}]}}